{"id":1799,"date":"2024-08-13T06:27:26","date_gmt":"2024-08-13T06:27:26","guid":{"rendered":"https:\/\/localhost\/swcf-v2-2024-u70yk6ax\/web\/artysci-kotom\/"},"modified":"2025-07-07T08:37:56","modified_gmt":"2025-07-07T08:37:56","slug":"artists-to-cats","status":"publish","type":"page","link":"https:\/\/savewildcats.foundation\/en\/artists-to-cats\/","title":{"rendered":"Artists for cats"},"content":{"rendered":"\t<section class=\"block-acf block-page-nav\"  data-id=\"block_5406603dd958d1d6225481a30b25d8ac\">\n\t\t<style>@media(min-width: 992px){.block-page-nav{margin-top:2.625rem}}.block-page-nav__description{margin-bottom:2.1875rem}.block-page-nav__wrapper{display:flex;flex-wrap:wrap;justify-content:center}.block-page-nav__item{display:flex;flex-direction:column;align-items:center;width:14.5rem;padding:0.5rem 2rem;position:relative;text-align:center;gap:0.5rem}@media(min-width: 992px){.block-page-nav__item::after{content:\"\";width:100%;height:0.0625rem;position:absolute;bottom:0;left:0;background-color:#e5bd7c;transition:height .2s,background-color .2s}}.block-page-nav__item-image{max-width:6.875rem;margin-bottom:0.3125rem}.block-page-nav__item-title,.block-page-nav__item-subtitle{color:#333}.block-page-nav__item-title{margin:0;transition:color .2s;font-size:1rem;line-height:1.5;font-weight:700}.block-page-nav__item-subtitle{font-style:italic;font-size:1rem;line-height:1.5}.block-page-nav__item:hover::after{height:0.125rem;background-color:#3b6b01}.block-page-nav__item:hover .block-page-nav__item-title{color:#3b6b01}.page-bg-color--green .block-page-nav__description h1,.page-bg-color--green .block-page-nav__description h2,.page-bg-color--green .block-page-nav__description h3,.page-bg-color--green .block-page-nav__description h4,.page-bg-color--green .block-page-nav__description h5,.page-bg-color--green .block-page-nav__description h6,.page-bg-color--green .block-page-nav__description p,.page-bg-color--green .block-page-nav__description blockquote,.page-bg-color--green .block-page-nav__description ul,.page-bg-color--green .block-page-nav__description ol{color:#fff}.page-bg-color--green .block-page-nav__item-title,.page-bg-color--green .block-page-nav__item-subtitle{color:#fff}<\/style>\t\t\t\t<div class=\"container\">\n\t\t\t\t\t\t<div class=\"block-page-nav__description\">\n\t\t\t\t<p style=\"text-align: center\">The \u201cArtists for Cats\u201d initiative combines art with concern for wild cats by supporting the foundation while creating unique works inspired by the beauty of wildlife, and donates a portion of the profits from sales to the protection and propagation of endangered species. Below you will find unique products that not only delight with their appearance but also help to defend the future of wild cats.<\/p>\n\t\t\t<\/div>\n\t\t\t\t\t\t<div class=\"block-page-nav__wrapper\">\n\t\t\t\t\t\t\t<a href=\"#anthropocene\" class=\"block-page-nav__item\">\n\t\t\t\t\t\t\t\t\t\t<figure class=\"block-page-nav__item-image\">\n\t\t\t\t\t\t<img decoding=\"async\" width=\"92\" height=\"100\" src=\"https:\/\/savewildcats.foundation\/wp-content\/uploads\/2024\/08\/tomasz-alen-kopera-nav-thumbnail.png\" class=\"attachment-page-nav size-page-nav\" alt=\"\" srcset=\"https:\/\/savewildcats.foundation\/wp-content\/uploads\/2024\/08\/tomasz-alen-kopera-nav-thumbnail.png 93w, https:\/\/savewildcats.foundation\/wp-content\/uploads\/2024\/08\/tomasz-alen-kopera-nav-thumbnail-70x76.png 70w, https:\/\/savewildcats.foundation\/wp-content\/uploads\/2024\/08\/tomasz-alen-kopera-nav-thumbnail-89x97.png 89w\" sizes=\"(max-width: 92px) 100vw, 92px\" \/>\t\t\t\t\t<\/figure>\n\t\t\t\t\t\t\t\t\t\t\t\t\t\t\t<p class=\"block-page-nav__item-title\">\n\t\t\t\t\t\tTomasz Alen Kopera\t\t\t\t\t<\/p>\n\t\t\t\t\t\t\t\t\t\t\t\t\t\t\t<p class=\"block-page-nav__item-subtitle\">\n\t\t\t\t\t\tAnthropocene\t\t\t\t\t<\/p>\n\t\t\t\t\t\t\t\t\t<\/a>\n\t\t\t\t\t\t\t<a href=\"#cats-on-glass\" class=\"block-page-nav__item\">\n\t\t\t\t\t\t\t\t\t\t<figure class=\"block-page-nav__item-image\">\n\t\t\t\t\t\t<img decoding=\"async\" width=\"99\" height=\"100\" src=\"https:\/\/savewildcats.foundation\/wp-content\/uploads\/2024\/10\/d84eecb8991eff8332f3d942a7bc59c9-99x100.png\" class=\"attachment-page-nav size-page-nav\" alt=\"\" srcset=\"https:\/\/savewildcats.foundation\/wp-content\/uploads\/2024\/10\/d84eecb8991eff8332f3d942a7bc59c9-99x100.png 99w, https:\/\/savewildcats.foundation\/wp-content\/uploads\/2024\/10\/d84eecb8991eff8332f3d942a7bc59c9-298x300.png 298w, https:\/\/savewildcats.foundation\/wp-content\/uploads\/2024\/10\/d84eecb8991eff8332f3d942a7bc59c9-1016x1024.png 1016w, https:\/\/savewildcats.foundation\/wp-content\/uploads\/2024\/10\/d84eecb8991eff8332f3d942a7bc59c9-150x150.png 150w, https:\/\/savewildcats.foundation\/wp-content\/uploads\/2024\/10\/d84eecb8991eff8332f3d942a7bc59c9-768x774.png 768w, https:\/\/savewildcats.foundation\/wp-content\/uploads\/2024\/10\/d84eecb8991eff8332f3d942a7bc59c9-192x192.png 192w, https:\/\/savewildcats.foundation\/wp-content\/uploads\/2024\/10\/d84eecb8991eff8332f3d942a7bc59c9-514x518.png 514w, https:\/\/savewildcats.foundation\/wp-content\/uploads\/2024\/10\/d84eecb8991eff8332f3d942a7bc59c9-530x534.png 530w, https:\/\/savewildcats.foundation\/wp-content\/uploads\/2024\/10\/d84eecb8991eff8332f3d942a7bc59c9-953x960.png 953w, https:\/\/savewildcats.foundation\/wp-content\/uploads\/2024\/10\/d84eecb8991eff8332f3d942a7bc59c9-248x250.png 248w, https:\/\/savewildcats.foundation\/wp-content\/uploads\/2024\/10\/d84eecb8991eff8332f3d942a7bc59c9-76x76.png 76w, https:\/\/savewildcats.foundation\/wp-content\/uploads\/2024\/10\/d84eecb8991eff8332f3d942a7bc59c9-288x290.png 288w, https:\/\/savewildcats.foundation\/wp-content\/uploads\/2024\/10\/d84eecb8991eff8332f3d942a7bc59c9-1131x1140.png 1131w, https:\/\/savewildcats.foundation\/wp-content\/uploads\/2024\/10\/d84eecb8991eff8332f3d942a7bc59c9-460x464.png 460w, https:\/\/savewildcats.foundation\/wp-content\/uploads\/2024\/10\/d84eecb8991eff8332f3d942a7bc59c9-97x97.png 97w, https:\/\/savewildcats.foundation\/wp-content\/uploads\/2024\/10\/d84eecb8991eff8332f3d942a7bc59c9-264x266.png 264w, https:\/\/savewildcats.foundation\/wp-content\/uploads\/2024\/10\/d84eecb8991eff8332f3d942a7bc59c9-718x724.png 718w, https:\/\/savewildcats.foundation\/wp-content\/uploads\/2024\/10\/d84eecb8991eff8332f3d942a7bc59c9-950x957.png 950w, https:\/\/savewildcats.foundation\/wp-content\/uploads\/2024\/10\/d84eecb8991eff8332f3d942a7bc59c9-203x205.png 203w, https:\/\/savewildcats.foundation\/wp-content\/uploads\/2024\/10\/d84eecb8991eff8332f3d942a7bc59c9-43x43.png 43w, https:\/\/savewildcats.foundation\/wp-content\/uploads\/2024\/10\/d84eecb8991eff8332f3d942a7bc59c9.png 1431w\" sizes=\"(max-width: 99px) 100vw, 99px\" \/>\t\t\t\t\t<\/figure>\n\t\t\t\t\t\t\t\t\t\t\t\t\t\t\t<p class=\"block-page-nav__item-title\">\n\t\t\t\t\t\tAdam \u0141o\u017cykowski\t\t\t\t\t<\/p>\n\t\t\t\t\t\t\t\t\t\t\t\t\t\t\t<p class=\"block-page-nav__item-subtitle\">\n\t\t\t\t\t\tCats enchanted in glass\t\t\t\t\t<\/p>\n\t\t\t\t\t\t\t\t\t<\/a>\n\t\t\t\t\t\t<\/div>\n\t\t<\/div>\n\t<\/section>\n\t\n\n\n<div class=\"wp-block-custom-columns custom-columns\" id=\"anthropocene\" data-id=\"a32b6dea-fcdc-44b6-be0b-ec3e4172bca3\"><div class=\"row\" data-id=\"a32b6dea-fcdc-44b6-be0b-ec3e4172bca3\"><style>[data-id=\"a32b6dea-fcdc-44b6-be0b-ec3e4172bca3\"]{margin-left:calc(-0px \/ 2); margin-right:calc(-0px \/ 2);row-gap:0px;}<\/style><style>.custom-columns{margin:0}.custom-columns.justify-content-end .row,.custom-columns.justify-content-right .row{justify-content:flex-end}.custom-columns.justify-content-center .row{justify-content:center}.custom-columns.justify-content-between .row,.custom-columns.justify-content-space-between .row{justify-content:space-between}.custom-columns.justify-content-evenly .row{justify-content:space-evenly}.custom-columns.align-items-center .row{align-items:center}.custom-columns.align-items-bottom .row{align-items:flex-end}<\/style>\n<div class=\"wp-block-custom-column\" data-id=\"410ea8b6-1d10-4891-b140-ea32cb688ad5\"><style>[data-id=\"410ea8b6-1d10-4891-b140-ea32cb688ad5\"]{flex-basis:100%; max-width:100%; padding-left:calc(0px\/2); padding-right:calc(0px\/2);}@media (min-width: 992px){[data-id=\"410ea8b6-1d10-4891-b140-ea32cb688ad5\"]{flex-basis:50%; max-width:50%; padding-left:calc(0px\/2); padding-right:calc(0px\/2);}}<\/style><style>.wp-block-custom-column style+*{margin-top:0}.wp-block-custom-column *:only-child{margin:0 !important}.wp-block-custom-column *:last-child{margin-bottom:0 !important}<\/style>\n<h2 class=\"wp-block-heading\">Anthropocene<\/h2>\n\n\n\n<p class=\"has-white-color  wp-elements-18c8df872e694e5fb172a881320131aa\">\u201cAnthropocene\u201d is a unique combination of realism and artistic sensitivity of Tomasz Alen Kopera with a mission to protect wildlife. The central element of the work is the image of the flat-headed cat, symbolizing the beauty and rarity of wild species and their threats in today&#8217;s world.<\/p>\n\n\n\n<div class=\"wp-block-buttons is-layout-flex wp-block-buttons-is-layout-flex\"><style>.wp-block-buttons{margin:2.5rem 0}div.wp-block-button--icon>.wp-block-button__link::after{content:var(--buttonIcon);font-family:\"iconfont-swcf\";font-size:15px;font-weight:600;font-style:normal;font-variant:normal;line-height:1;text-transform:none;-webkit-font-smoothing:antialiased;-moz-osx-font-smoothing:grayscale}div.wp-block-button>div,div.wp-block-button a,div.wp-block-button button{display:inline-flex;align-items:center;justify-content:center;font-size:1rem;font-weight:600;line-height:1.2rem;cursor:pointer;appearance:none;column-gap:0.5rem;min-width:8.125rem;transition:color .2s linear,background-color .2s linear,border-color .2s linear}div.wp-block-button--icon-align-left>.wp-block-button__link{flex-direction:row-reverse}div.wp-block-button--primary>.wp-block-button__link{padding:1rem 1.5rem;border:0.0625rem solid #054700;border-radius:5rem;background-color:rgba(0,0,0,0);color:#054700;text-transform:uppercase}div.wp-block-button--primary>.wp-block-button__link:hover,div.wp-block-button--primary>.wp-block-button__link:focus{background-color:#054700;border-color:#054700;color:#e9dec9}div.wp-block-button--primary.wp-block-button--color-alt>.wp-block-button__link{color:#e9dec9;border-color:#e9dec9}div.wp-block-button--primary.wp-block-button--color-alt>.wp-block-button__link:hover,div.wp-block-button--primary.wp-block-button--color-alt>.wp-block-button__link:focus{background-color:#eadfca;border-color:#e9dec9;color:#054700}div.wp-block-button--secondary>.wp-block-button__link{padding:0.5rem 1.5rem;border:0.0625rem solid #3b6b01;border-radius:0.5rem;background-color:rgba(0,0,0,0);color:#3b6b01;font-size:1.125rem;line-height:2.25rem;column-gap:1.5625rem;font-weight:400;text-align:left}div.wp-block-button--secondary>.wp-block-button__link:hover,div.wp-block-button--secondary>.wp-block-button__link:focus{background-color:#054700;border-color:#054700;color:#e9dec9}div.wp-block-button--secondary>.wp-block-button__link::after{font-size:1.1875rem}div.wp-block-button--secondary.wp-block-button--color-alt>.wp-block-button__link{color:#e9dec9;border-color:#e9dec9}div.wp-block-button--secondary.wp-block-button--color-alt>.wp-block-button__link:hover,div.wp-block-button--secondary.wp-block-button--color-alt>.wp-block-button__link:focus{background-color:#eadfca;border-color:#e9dec9;color:#054700}div.wp-block-button--tertiary>.wp-block-button__link{padding:1rem 1.5rem;border-radius:6.25rem;background-color:#ffbf00;color:#22272f;text-transform:uppercase}div.wp-block-button--tertiary>.wp-block-button__link:hover,div.wp-block-button--tertiary>.wp-block-button__link:focus{background-color:#ffa300}<\/style>\n<div class=\"wp-block-button wp-block-button--secondary wp-block-button--color-normal wp-block-button--icon wp-block-button--icon-align-left\" style=\"--buttonIcon:&quot;\uea10&quot;\"><a class=\"wp-block-button__link wp-element-button\" href=\"https:\/\/savewildcats.foundation\/antropocen\/\" target=\"_blank\" rel=\"noreferrer noopener\">It is possible to buy a certified copy of image from the artist website<\/a><\/div>\n<\/div>\n\n\n\n<p class=\"is-style-default  wp-elements-6de92bfdc54daeae514b22ba3b25c489\" style=\"color:#579d01\" data-id=\"fc8e00ee-75b3-4ae7-86e9-9cff3e275092\">About the artist:<\/p>\n\n\n\n<p class=\"has-white-color  wp-elements-5760bb616b008f8cb9d1651e830174f1\">Tomasz Alen Kopera was born in 1976 in Kozuchow. He graduated from the Wroclaw University of Technology with a degree in civil engineering. His artistic talent became apparent at an early age. Kopera&#8217;s works show a fascination with human nature, the surrounding world and everything dark and mysterious. They represent both a high level of sensitivity and a desire to influence the subconscious of the onlooker and arouse in him the need to stop and contemplate.<\/p>\n\n\n\n<div class=\"wp-block-buttons is-layout-flex wp-block-buttons-is-layout-flex\">\n<div class=\"wp-block-button wp-block-button--primary wp-block-button--color-alt wp-block-button--icon wp-block-button--icon-align-right\" style=\"--buttonIcon:&quot;\uea04&quot;\"><a class=\"wp-block-button__link wp-element-button\" href=\"https:\/\/www.arteclat.com\/gallery\/kopera\/\" target=\"_blank\" rel=\"noreferrer noopener\">LEARN MORE<\/a><\/div>\n<\/div>\n<\/div>\n\n\n\n<div class=\"wp-block-custom-column offset-lg-1\" data-id=\"7c0f3a30-95a4-4974-a936-b634d4b749dd\"><style>[data-id=\"7c0f3a30-95a4-4974-a936-b634d4b749dd\"]{flex-basis:100%; max-width:100%; padding-left:calc(0px\/2); padding-right:calc(0px\/2);}@media (min-width: 992px){[data-id=\"7c0f3a30-95a4-4974-a936-b634d4b749dd\"]{flex-basis:41.66666666666667%; max-width:41.66666666666667%; padding-left:calc(0px\/2); padding-right:calc(0px\/2);}}<\/style><style>.wp-block-image{margin:2.5rem 0;display:block !important;float:none}.wp-block-image img{transition:opacity .2s linear;border-radius:inherit}.wp-block-image .alignleft,.wp-block-image.alignleft{text-align:left}.wp-block-image .alignleft .wp-element-caption,.wp-block-image.alignleft .wp-element-caption{text-align:left}.wp-block-image .alignright,.wp-block-image.alignright{text-align:right}.wp-block-image .alignright .wp-element-caption,.wp-block-image.alignright .wp-element-caption{text-align:right}.wp-block-image.alignfull{max-width:100%;margin-left:0;margin-right:0;width:100%}.wp-block-image.alignfull img{width:100%;height:auto}.wp-block-image figcaption.wp-element-caption{display:block}.wp-block-image>a:not([class])::before{content:unset}.wp-block-image>a:not([class]):hover img{opacity:.8}<\/style>\n<figure class=\"wp-block-image size-full\" data-id=\"0580f715-4230-4dc0-8e5c-be0573c9386a\"><img decoding=\"async\" width=\"471\" height=\"577\" src=\"https:\/\/savewildcats.foundation\/wp-content\/uploads\/2024\/08\/hero-artysci-kotom.png\" alt=\"\" class=\"wp-image-638\" style=\"object-fit:cover\" srcset=\"https:\/\/savewildcats.foundation\/wp-content\/uploads\/2024\/08\/hero-artysci-kotom.png 471w, https:\/\/savewildcats.foundation\/wp-content\/uploads\/2024\/08\/hero-artysci-kotom-245x300.png 245w, https:\/\/savewildcats.foundation\/wp-content\/uploads\/2024\/08\/hero-artysci-kotom-423x518.png 423w, https:\/\/savewildcats.foundation\/wp-content\/uploads\/2024\/08\/hero-artysci-kotom-436x534.png 436w, https:\/\/savewildcats.foundation\/wp-content\/uploads\/2024\/08\/hero-artysci-kotom-204x250.png 204w, https:\/\/savewildcats.foundation\/wp-content\/uploads\/2024\/08\/hero-artysci-kotom-62x76.png 62w, https:\/\/savewildcats.foundation\/wp-content\/uploads\/2024\/08\/hero-artysci-kotom-237x290.png 237w, https:\/\/savewildcats.foundation\/wp-content\/uploads\/2024\/08\/hero-artysci-kotom-82x100.png 82w, https:\/\/savewildcats.foundation\/wp-content\/uploads\/2024\/08\/hero-artysci-kotom-460x565.png 460w, https:\/\/savewildcats.foundation\/wp-content\/uploads\/2024\/08\/hero-artysci-kotom-79x97.png 79w, https:\/\/savewildcats.foundation\/wp-content\/uploads\/2024\/08\/hero-artysci-kotom-217x266.png 217w\" sizes=\"(max-width: 471px) 100vw, 471px\" \/><\/figure>\n<\/div>\n<\/div><\/div>\n\n\n\n<div class=\"wp-block-custom-columns custom-columns\" id=\"cats-on-glass\" data-id=\"9424cb43-d891-434a-a86f-62ce9c89e476\"><div class=\"row\" data-id=\"9424cb43-d891-434a-a86f-62ce9c89e476\"><style>[data-id=\"9424cb43-d891-434a-a86f-62ce9c89e476\"]{margin-left:calc(-0px \/ 2); margin-right:calc(-0px \/ 2);row-gap:0px;}<\/style>\n<div class=\"wp-block-custom-column\" data-id=\"410ea8b6-1d10-4891-b140-ea32cb688ad5\"><style>[data-id=\"410ea8b6-1d10-4891-b140-ea32cb688ad5\"]{flex-basis:100%; max-width:100%; padding-left:calc(0px\/2); padding-right:calc(0px\/2);}@media (min-width: 992px){[data-id=\"410ea8b6-1d10-4891-b140-ea32cb688ad5\"]{flex-basis:50%; max-width:50%; padding-left:calc(0px\/2); padding-right:calc(0px\/2);}}<\/style>\n<h2 class=\"wp-block-heading\">Cats enchanted in glass<\/h2>\n\n\n\n<p class=\"has-white-color  wp-elements-e26988cd2a2589c966b1cdd11d8d7934\">&nbsp;\u201cCats on Glass\u201d is a unique collection by Adam Lo\u017cykowski, in which the artist has captured moments related to the most endangered cat species. The combination of various artistic forms means that there is something for everyone in the collection.&nbsp;<\/p>\n\n\n\n<div class=\"wp-block-buttons is-layout-flex wp-block-buttons-is-layout-flex\">\n<div class=\"wp-block-button wp-block-button--secondary wp-block-button--color-normal wp-block-button--icon wp-block-button--icon-align-left\" style=\"--buttonIcon:&quot;\uea05&quot;\"><a class=\"wp-block-button__link wp-element-button\" href=\"https:\/\/savewildcats.foundation\/en\/support-foundation\/\" target=\"_blank\" rel=\"noreferrer noopener\">It is possible to purchase items from the collection \u201cCats enchanted in glass\u201d<\/a><\/div>\n<\/div>\n\n\n\n<p class=\"is-style-default  wp-elements-6de92bfdc54daeae514b22ba3b25c489\" style=\"color:#579d01\" data-id=\"fc8e00ee-75b3-4ae7-86e9-9cff3e275092\">About the artist:<\/p>\n\n\n\n<p class=\"has-white-color  wp-elements-276f1a7975a7a1718e56055adc5a69be\">Adam \u0141o\u017cykowski, a graduate of the Academy of Fine Arts in Wroc\u0142aw at the Department of Glass and Ceramics, received his diploma in 1989. Since graduation, he has been experimenting with the realization of objects made by fusing glass technology. He creates unique sculptural forms and a series of original fused glass designed for industry in his own studio. He participates in many prestigious exhibitions, such as Global Glass USA in Arizona.<\/p>\n\n\n\n<div class=\"wp-block-buttons is-layout-flex wp-block-buttons-is-layout-flex\">\n<div class=\"wp-block-button wp-block-button--primary wp-block-button--color-alt wp-block-button--icon wp-block-button--icon-align-right\" style=\"--buttonIcon:&quot;\uea04&quot;\"><a class=\"wp-block-button__link wp-element-button\" href=\"https:\/\/www.uwagaszklo.pl\/home-eng\" target=\"_blank\" rel=\"noreferrer noopener\">Learn more<\/a><\/div>\n<\/div>\n<\/div>\n\n\n\n<div class=\"wp-block-custom-column\" data-id=\"0257277e-d402-4511-8158-63731c5e666a\"><style>[data-id=\"0257277e-d402-4511-8158-63731c5e666a\"]{flex-basis:100%; max-width:100%; padding-left:calc(0px\/2); padding-right:calc(0px\/2);}@media (min-width: 992px){[data-id=\"0257277e-d402-4511-8158-63731c5e666a\"]{flex-basis:50%; max-width:50%; padding-left:calc(0px\/2); padding-right:calc(0px\/2);}}<\/style>\n<figure class=\"wp-block-image size-full\"><img decoding=\"async\" width=\"1237\" height=\"1643\" src=\"https:\/\/savewildcats.foundation\/wp-content\/uploads\/2024\/10\/koty-na-szkle-img-3.png\" alt=\"\" class=\"wp-image-3652\" style=\"object-fit:cover\" srcset=\"https:\/\/savewildcats.foundation\/wp-content\/uploads\/2024\/10\/koty-na-szkle-img-3.png 1237w, https:\/\/savewildcats.foundation\/wp-content\/uploads\/2024\/10\/koty-na-szkle-img-3-226x300.png 226w, https:\/\/savewildcats.foundation\/wp-content\/uploads\/2024\/10\/koty-na-szkle-img-3-771x1024.png 771w, https:\/\/savewildcats.foundation\/wp-content\/uploads\/2024\/10\/koty-na-szkle-img-3-768x1020.png 768w, https:\/\/savewildcats.foundation\/wp-content\/uploads\/2024\/10\/koty-na-szkle-img-3-1156x1536.png 1156w, https:\/\/savewildcats.foundation\/wp-content\/uploads\/2024\/10\/koty-na-szkle-img-3-390x518.png 390w, https:\/\/savewildcats.foundation\/wp-content\/uploads\/2024\/10\/koty-na-szkle-img-3-402x534.png 402w, https:\/\/savewildcats.foundation\/wp-content\/uploads\/2024\/10\/koty-na-szkle-img-3-723x960.png 723w, https:\/\/savewildcats.foundation\/wp-content\/uploads\/2024\/10\/koty-na-szkle-img-3-188x250.png 188w, https:\/\/savewildcats.foundation\/wp-content\/uploads\/2024\/10\/koty-na-szkle-img-3-57x76.png 57w, https:\/\/savewildcats.foundation\/wp-content\/uploads\/2024\/10\/koty-na-szkle-img-3-218x290.png 218w, https:\/\/savewildcats.foundation\/wp-content\/uploads\/2024\/10\/koty-na-szkle-img-3-858x1140.png 858w, https:\/\/savewildcats.foundation\/wp-content\/uploads\/2024\/10\/koty-na-szkle-img-3-75x100.png 75w, https:\/\/savewildcats.foundation\/wp-content\/uploads\/2024\/10\/koty-na-szkle-img-3-425x565.png 425w, https:\/\/savewildcats.foundation\/wp-content\/uploads\/2024\/10\/koty-na-szkle-img-3-73x97.png 73w, https:\/\/savewildcats.foundation\/wp-content\/uploads\/2024\/10\/koty-na-szkle-img-3-200x266.png 200w, https:\/\/savewildcats.foundation\/wp-content\/uploads\/2024\/10\/koty-na-szkle-img-3-547x726.png 547w, https:\/\/savewildcats.foundation\/wp-content\/uploads\/2024\/10\/koty-na-szkle-img-3-950x1262.png 950w, https:\/\/savewildcats.foundation\/wp-content\/uploads\/2024\/10\/koty-na-szkle-img-3-154x205.png 154w, https:\/\/savewildcats.foundation\/wp-content\/uploads\/2024\/10\/koty-na-szkle-img-3-32x43.png 32w\" sizes=\"(max-width: 1237px) 100vw, 1237px\" \/><\/figure>\n<\/div>\n<\/div><\/div>\n","protected":false},"excerpt":{"rendered":"","protected":false},"author":1,"featured_media":0,"parent":0,"menu_order":0,"comment_status":"closed","ping_status":"closed","template":"","meta":{"_acf_changed":false,"footnotes":""},"class_list":["post-1799","page","type-page","status-publish","hentry"],"acf":[],"_links":{"self":[{"href":"https:\/\/savewildcats.foundation\/en\/wp-json\/wp\/v2\/pages\/1799"}],"collection":[{"href":"https:\/\/savewildcats.foundation\/en\/wp-json\/wp\/v2\/pages"}],"about":[{"href":"https:\/\/savewildcats.foundation\/en\/wp-json\/wp\/v2\/types\/page"}],"author":[{"embeddable":true,"href":"https:\/\/savewildcats.foundation\/en\/wp-json\/wp\/v2\/users\/1"}],"replies":[{"embeddable":true,"href":"https:\/\/savewildcats.foundation\/en\/wp-json\/wp\/v2\/comments?post=1799"}],"version-history":[{"count":24,"href":"https:\/\/savewildcats.foundation\/en\/wp-json\/wp\/v2\/pages\/1799\/revisions"}],"predecessor-version":[{"id":5146,"href":"https:\/\/savewildcats.foundation\/en\/wp-json\/wp\/v2\/pages\/1799\/revisions\/5146"}],"wp:attachment":[{"href":"https:\/\/savewildcats.foundation\/en\/wp-json\/wp\/v2\/media?parent=1799"}],"curies":[{"name":"wp","href":"https:\/\/api.w.org\/{rel}","templated":true}]}}